{"id":26,"date":"2019-08-12T23:00:36","date_gmt":"2019-08-12T20:00:36","guid":{"rendered":"http:\/\/lastemv.ato.ee\/?page_id=26"},"modified":"2025-08-29T22:08:24","modified_gmt":"2025-08-29T19:08:24","slug":"eelregistreerimine","status":"publish","type":"page","link":"https:\/\/lastemv.ato.ee\/index.php\/eelregistreerimine\/","title":{"rendered":"EELREGISTREERIMINE"},"content":{"rendered":"\n<p>Ait\u00e4h k\u00f5igile eelregistreerijatele! Selleks aastaks on see protseduur l\u00f5ppenud.<br>K\u00f5igile neile, kes seda v\u00f5imalust ei kasutanud v\u00f5i otsustavad, kas tulla v\u00f5i mitte tulla homme hommikul soovitame kindlasti tulla. V\u00f5istlejaid saab registreerida ka v\u00f5istluspaigas koha peal. Seda v\u00e4ikese tasu eest &#8211; 5\u20ac pere kohta, olgu lapsi 1 v\u00f5i 7 summa on ikka \u00fcks. Tasumine sularahas on k\u00f5ige lihtsam. Kaardimakse v\u00f5imekust meil kahjuks ei ole. K\u00fcll aga saab registreerimislauast k\u00fcsida infot \u00fclekandega tasumise tarvis.<br>Kohtumiseni v\u00f5istluspaigas! <\/p>\n","protected":false},"excerpt":{"rendered":"<p>Ait\u00e4h k\u00f5igile eelregistreerijatele! Selleks aastaks on see protseduur l\u00f5ppenud.K\u00f5igile neile, kes seda v\u00f5imalust ei kasutanud v\u00f5i otsustavad, kas tulla v\u00f5i mitte tulla homme hommikul soovitame kindlasti tulla. V\u00f5istlejaid saab registreerida ka v\u00f5istluspaigas koha peal. Seda v\u00e4ikese tasu eest &#8211; 5\u20ac pere kohta, olgu lapsi 1 v\u00f5i 7 summa on ikka&#8230;<\/p>\n","protected":false},"author":1,"featured_media":0,"parent":0,"menu_order":0,"comment_status":"closed","ping_status":"closed","template":"","meta":{"footnotes":""},"class_list":["post-26","page","type-page","status-publish","hentry"],"_links":{"self":[{"href":"https:\/\/lastemv.ato.ee\/index.php\/wp-json\/wp\/v2\/pages\/26","targetHints":{"allow":["GET"]}}],"collection":[{"href":"https:\/\/lastemv.ato.ee\/index.php\/wp-json\/wp\/v2\/pages"}],"about":[{"href":"https:\/\/lastemv.ato.ee\/index.php\/wp-json\/wp\/v2\/types\/page"}],"author":[{"embeddable":true,"href":"https:\/\/lastemv.ato.ee\/index.php\/wp-json\/wp\/v2\/users\/1"}],"replies":[{"embeddable":true,"href":"https:\/\/lastemv.ato.ee\/index.php\/wp-json\/wp\/v2\/comments?post=26"}],"version-history":[{"count":61,"href":"https:\/\/lastemv.ato.ee\/index.php\/wp-json\/wp\/v2\/pages\/26\/revisions"}],"predecessor-version":[{"id":1306,"href":"https:\/\/lastemv.ato.ee\/index.php\/wp-json\/wp\/v2\/pages\/26\/revisions\/1306"}],"wp:attachment":[{"href":"https:\/\/lastemv.ato.ee\/index.php\/wp-json\/wp\/v2\/media?parent=26"}],"curies":[{"name":"wp","href":"https:\/\/api.w.org\/{rel}","templated":true}]}}