{"id":34,"date":"2016-08-01T14:28:09","date_gmt":"2016-08-01T11:28:09","guid":{"rendered":"http:\/\/lastemv.ato.ee\/?page_id=34"},"modified":"2018-08-09T08:33:57","modified_gmt":"2018-08-09T05:33:57","slug":"kontak","status":"publish","type":"page","link":"https:\/\/lastemv.ato.ee\/index.php\/kontak\/","title":{"rendered":"KONTAKT"},"content":{"rendered":"<p><strong>Korraldaja:<\/strong><\/p>\n<p>ATO Spordiklubi MT\u00dc<br \/>\nL\u00f5una 5-23, Rapla 79511<br \/>\ntelefon: 52 91 725<br \/>\ne-post: sport@ato.ee<\/p>\n<p><strong>V\u00f5istluspaik:<\/strong><\/p>\n<p>Rapla Sadolin Spordihoone, Rapla Vesiroosi G\u00fcmnaasium<br \/>\nViljandi mnt 69a, Rapla<\/p>\n\n                \n            <div id=\"wpgmza_map\"  style=\"display:block; overflow:auto; width:100%; height:400px; float:left;\">\n            \n            <\/div>\n        \n","protected":false},"excerpt":{"rendered":"<p>Korraldaja: ATO Spordiklubi MT\u00dc L\u00f5una 5-23, Rapla 79511 telefon: 52 91 725 e-post: sport@ato.ee V\u00f5istluspaik: Rapla Sadolin Spordihoone, Rapla Vesiroosi G\u00fcmnaasium Viljandi mnt 69a, Rapla<\/p>\n","protected":false},"author":1,"featured_media":0,"parent":0,"menu_order":0,"comment_status":"closed","ping_status":"closed","template":"","meta":{"footnotes":""},"class_list":["post-34","page","type-page","status-publish","hentry"],"_links":{"self":[{"href":"https:\/\/lastemv.ato.ee\/index.php\/wp-json\/wp\/v2\/pages\/34","targetHints":{"allow":["GET"]}}],"collection":[{"href":"https:\/\/lastemv.ato.ee\/index.php\/wp-json\/wp\/v2\/pages"}],"about":[{"href":"https:\/\/lastemv.ato.ee\/index.php\/wp-json\/wp\/v2\/types\/page"}],"author":[{"embeddable":true,"href":"https:\/\/lastemv.ato.ee\/index.php\/wp-json\/wp\/v2\/users\/1"}],"replies":[{"embeddable":true,"href":"https:\/\/lastemv.ato.ee\/index.php\/wp-json\/wp\/v2\/comments?post=34"}],"version-history":[{"count":5,"href":"https:\/\/lastemv.ato.ee\/index.php\/wp-json\/wp\/v2\/pages\/34\/revisions"}],"predecessor-version":[{"id":1089,"href":"https:\/\/lastemv.ato.ee\/index.php\/wp-json\/wp\/v2\/pages\/34\/revisions\/1089"}],"wp:attachment":[{"href":"https:\/\/lastemv.ato.ee\/index.php\/wp-json\/wp\/v2\/media?parent=34"}],"curies":[{"name":"wp","href":"https:\/\/api.w.org\/{rel}","templated":true}]}}